{"id":2,"date":"2025-11-13T11:29:43","date_gmt":"2025-11-13T11:29:43","guid":{"rendered":"http:\/\/toutestpermis22.fr\/?page_id=2"},"modified":"2025-11-19T11:38:42","modified_gmt":"2025-11-19T10:38:42","slug":"sample-page","status":"publish","type":"page","link":"https:\/\/toutestpermis22.fr\/index.php\/sample-page\/","title":{"rendered":"Mentions l\u00e9gales"},"content":{"rendered":"\n<h1 class=\"wp-block-heading\"><strong>MENTIONS L\u00c9GALES<\/strong><\/h1>\n\n\n\n<p><strong>Site Internet :&nbsp;<a href=\"https:\/\/toutestpermis22.fr\/\">https:\/\/toutestpermis22.fr<\/a><\/strong><br><strong>Entreprise : TOUT EST PERMIS 22<\/strong><\/p>\n\n\n\n<hr class=\"wp-block-separator has-alpha-channel-opacity\"\/>\n\n\n\n<h2 class=\"wp-block-heading\"><strong>1. \u00c9diteur du site<\/strong><\/h2>\n\n\n\n<p><strong>TOUT EST PERMIS 22<\/strong><br>Entreprise sp\u00e9cialis\u00e9e dans les activit\u00e9s de conseil et d\u2019assistance aupr\u00e8s des particuliers et des entreprises pour le d\u00e9p\u00f4t de permis de construire, d\u00e9claration de travaux et toutes autres d\u00e9marches administratives s\u2019y rapprochant. <br><strong>Statut juridique : SARL<\/strong><br><strong>Capital social : 1000 \u20ac<\/strong><br><strong>SIREN \/ SIRET : 94395967600017<\/strong><br><strong>Adresse : <\/strong>10 RUE DE ROC&rsquo;H GWENN &#8211; 22710 PENVENAN<br><strong>T\u00e9l\u00e9phone : 07 82 19 45 39<\/strong><br><strong>E-mail : toutestpermis22.fr<\/strong><\/p>\n\n\n\n<p>Directeur de la publication :\u00a0<strong>Olivier Tily<\/strong><\/p>\n\n\n\n<hr class=\"wp-block-separator has-alpha-channel-opacity\"\/>\n\n\n\n<h2 class=\"wp-block-heading\"><strong>2. H\u00e9bergeur du site<\/strong><\/h2>\n\n\n\n<p><strong>Nom de l\u2019h\u00e9bergeur : OVH<\/strong><br>Adresse : [Adresse compl\u00e8te de l\u2019h\u00e9bergeur]<br>T\u00e9l\u00e9phone : [num\u00e9ro du support technique]<\/p>\n\n\n\n<hr class=\"wp-block-separator has-alpha-channel-opacity\"\/>\n\n\n\n<h2 class=\"wp-block-heading\"><strong>3. Conception et d\u00e9veloppement<\/strong><\/h2>\n\n\n\n<p>Site r\u00e9alis\u00e9 par :<br><strong>TOUT EST PERMIS 22<\/strong><\/p>\n\n\n\n<hr class=\"wp-block-separator has-alpha-channel-opacity\"\/>\n\n\n\n<h2 class=\"wp-block-heading\"><strong>4. Propri\u00e9t\u00e9 intellectuelle<\/strong><\/h2>\n\n\n\n<p>L\u2019ensemble du contenu du site (textes, images, plans, logo, graphisme, maquettes, documents t\u00e9l\u00e9chargeables) est prot\u00e9g\u00e9 par le Code de la propri\u00e9t\u00e9 intellectuelle.<\/p>\n\n\n\n<p>Toute reproduction, distribution ou modification, totale ou partielle, sans autorisation \u00e9crite pr\u00e9alable de&nbsp;<strong>TOUT EST PERMIS 22<\/strong>, est strictement interdite.<\/p>\n\n\n\n<hr class=\"wp-block-separator has-alpha-channel-opacity\"\/>\n\n\n\n<h2 class=\"wp-block-heading\"><strong>5. Donn\u00e9es personnelles<\/strong><\/h2>\n\n\n\n<p>Les traitements des donn\u00e9es personnelles effectu\u00e9s sur le site sont d\u00e9taill\u00e9s dans notre\u00a0<strong>Politique de Confidentialit\u00e9<\/strong>(<a href=\"https:\/\/toutestpermis22.fr\/index.php\/privacy-policy\/\" data-type=\"page\" data-id=\"3\">accessible ici<\/a>).<\/p>\n\n\n\n<p>Conform\u00e9ment au RGPD, vous disposez des droits suivants :<\/p>\n\n\n\n<ul class=\"wp-block-list\">\n<li>acc\u00e8s<\/li>\n\n\n\n<li>rectification<\/li>\n\n\n\n<li>effacement<\/li>\n\n\n\n<li>limitation<\/li>\n\n\n\n<li>opposition<\/li>\n\n\n\n<li>portabilit\u00e9<\/li>\n<\/ul>\n\n\n\n<p>Pour exercer vos droits :<br>\ud83d\udce7\u00a0<strong>toutestpermis22@gmail.fr<\/strong><\/p>\n\n\n\n<hr class=\"wp-block-separator has-alpha-channel-opacity\"\/>\n\n\n\n<h2 class=\"wp-block-heading\"><strong>6. Responsabilit\u00e9<\/strong><\/h2>\n\n\n\n<p>TOUT EST PERMIS 22 s\u2019efforce d\u2019assurer l\u2019exactitude des informations pr\u00e9sentes sur le site.<br>Toutefois, il ne peut \u00eatre tenu responsable :<\/p>\n\n\n\n<ul class=\"wp-block-list\">\n<li>des erreurs ponctuelles,<\/li>\n\n\n\n<li>d\u2019indisponibilit\u00e9s temporaires,<\/li>\n\n\n\n<li>des dommages li\u00e9s \u00e0 une utilisation du site ou \u00e0 des contenus externes.<\/li>\n<\/ul>\n\n\n\n<hr class=\"wp-block-separator has-alpha-channel-opacity\"\/>\n\n\n\n<h2 class=\"wp-block-heading\"><strong>7. Liens externes<\/strong><\/h2>\n\n\n\n<p>Le site peut contenir des liens vers des sites tiers.<br>TOUT EST PERMIS 22 n\u2019est pas responsable de leur contenu ni de leurs pratiques en mati\u00e8re de confidentialit\u00e9.<\/p>\n\n\n\n<hr class=\"wp-block-separator has-alpha-channel-opacity\"\/>\n\n\n\n<h2 class=\"wp-block-heading\"><strong>8. Droit applicable<\/strong><\/h2>\n\n\n\n<p>Les mentions l\u00e9gales sont r\u00e9gies par le droit fran\u00e7ais.<br>En cas de litige, seuls les tribunaux fran\u00e7ais seront comp\u00e9tents.<\/p>\n","protected":false},"excerpt":{"rendered":"<p>MENTIONS L\u00c9GALES Site Internet :&nbsp;https:\/\/toutestpermis22.frEntreprise : TOUT EST PERMIS 22 1. \u00c9diteur du site TOUT EST PERMIS 22Entreprise sp\u00e9cialis\u00e9e dans les activit\u00e9s de conseil et d\u2019assistance aupr\u00e8s des particuliers et des entreprises pour le d\u00e9p\u00f4t de permis de construire, d\u00e9claration de travaux et toutes autres d\u00e9marches administratives s\u2019y rapprochant. Statut [&hellip;]<\/p>\n","protected":false},"author":1,"featured_media":0,"parent":0,"menu_order":0,"comment_status":"closed","ping_status":"open","template":"","meta":{"_themeisle_gutenberg_block_has_review":false,"footnotes":""},"class_list":["post-2","page","type-page","status-publish","hentry"],"yoast_head":"<!-- This site is optimized with the Yoast SEO plugin v26.4 - https:\/\/yoast.com\/wordpress\/plugins\/seo\/ -->\n<title>Mentions l\u00e9gales -<\/title>\n<meta name=\"description\" content=\"Je vous accompagne pour la conception de votre projet et la v\u00e9rification de sa conformit\u00e9 avec un suivi administratif complet.\" \/>\n<meta name=\"robots\" content=\"index, follow, max-snippet:-1, max-image-preview:large, max-video-preview:-1\" \/>\n<link rel=\"canonical\" href=\"https:\/\/toutestpermis22.fr\/index.php\/sample-page\/\" \/>\n<meta property=\"og:locale\" content=\"fr_FR\" \/>\n<meta property=\"og:type\" content=\"article\" \/>\n<meta property=\"og:title\" content=\"Mentions l\u00e9gales -\" \/>\n<meta property=\"og:description\" content=\"Je vous accompagne pour la conception de votre projet et la v\u00e9rification de sa conformit\u00e9 avec un suivi administratif complet.\" \/>\n<meta property=\"og:url\" content=\"https:\/\/toutestpermis22.fr\/index.php\/sample-page\/\" \/>\n<meta property=\"article:modified_time\" content=\"2025-11-19T10:38:42+00:00\" \/>\n<meta property=\"og:image\" content=\"https:\/\/toutestpermis22.fr\/wp-content\/uploads\/2025\/11\/Plan-de-travail-3.png\" \/>\n\t<meta property=\"og:image:width\" content=\"1104\" \/>\n\t<meta property=\"og:image:height\" content=\"621\" \/>\n\t<meta property=\"og:image:type\" content=\"image\/png\" \/>\n<meta name=\"twitter:card\" content=\"summary_large_image\" \/>\n<meta name=\"twitter:label1\" content=\"Dur\u00e9e de lecture estim\u00e9e\" \/>\n\t<meta name=\"twitter:data1\" content=\"2 minutes\" \/>\n<script type=\"application\/ld+json\" class=\"yoast-schema-graph\">{\"@context\":\"https:\/\/schema.org\",\"@graph\":[{\"@type\":\"WebPage\",\"@id\":\"https:\/\/toutestpermis22.fr\/index.php\/sample-page\/\",\"url\":\"https:\/\/toutestpermis22.fr\/index.php\/sample-page\/\",\"name\":\"Mentions l\u00e9gales -\",\"isPartOf\":{\"@id\":\"https:\/\/toutestpermis22.fr\/#website\"},\"datePublished\":\"2025-11-13T11:29:43+00:00\",\"dateModified\":\"2025-11-19T10:38:42+00:00\",\"description\":\"Je vous accompagne pour la conception de votre projet et la v\u00e9rification de sa conformit\u00e9 avec un suivi administratif complet.\",\"breadcrumb\":{\"@id\":\"https:\/\/toutestpermis22.fr\/index.php\/sample-page\/#breadcrumb\"},\"inLanguage\":\"fr-FR\",\"potentialAction\":[{\"@type\":\"ReadAction\",\"target\":[\"https:\/\/toutestpermis22.fr\/index.php\/sample-page\/\"]}]},{\"@type\":\"BreadcrumbList\",\"@id\":\"https:\/\/toutestpermis22.fr\/index.php\/sample-page\/#breadcrumb\",\"itemListElement\":[{\"@type\":\"ListItem\",\"position\":1,\"name\":\"Accueil\",\"item\":\"https:\/\/toutestpermis22.fr\/\"},{\"@type\":\"ListItem\",\"position\":2,\"name\":\"Mentions l\u00e9gales\"}]},{\"@type\":\"WebSite\",\"@id\":\"https:\/\/toutestpermis22.fr\/#website\",\"url\":\"https:\/\/toutestpermis22.fr\/\",\"name\":\"toutestpermis22\",\"description\":\"Plans et d\u00e9marches administratives pour extensions, terrasses, v\u00e9randas et am\u00e9nagements ext\u00e9rieurs. Je vous accompagne de la conception \u00e0 la r\u00e9alisation, avec des plans conformes et un suivi administratif complet.\",\"publisher\":{\"@id\":\"https:\/\/toutestpermis22.fr\/#organization\"},\"potentialAction\":[{\"@type\":\"SearchAction\",\"target\":{\"@type\":\"EntryPoint\",\"urlTemplate\":\"https:\/\/toutestpermis22.fr\/?s={search_term_string}\"},\"query-input\":{\"@type\":\"PropertyValueSpecification\",\"valueRequired\":true,\"valueName\":\"search_term_string\"}}],\"inLanguage\":\"fr-FR\"},{\"@type\":\"Organization\",\"@id\":\"https:\/\/toutestpermis22.fr\/#organization\",\"name\":\"TOUT EST PERMIS\",\"url\":\"https:\/\/toutestpermis22.fr\/\",\"logo\":{\"@type\":\"ImageObject\",\"inLanguage\":\"fr-FR\",\"@id\":\"https:\/\/toutestpermis22.fr\/#\/schema\/logo\/image\/\",\"url\":\"https:\/\/toutestpermis22.fr\/wp-content\/uploads\/2025\/11\/cropped-logo-couleur-web-1-2.png\",\"contentUrl\":\"https:\/\/toutestpermis22.fr\/wp-content\/uploads\/2025\/11\/cropped-logo-couleur-web-1-2.png\",\"width\":512,\"height\":512,\"caption\":\"TOUT EST PERMIS\"},\"image\":{\"@id\":\"https:\/\/toutestpermis22.fr\/#\/schema\/logo\/image\/\"}}]}<\/script>\n<!-- \/ Yoast SEO plugin. -->","yoast_head_json":{"title":"Mentions l\u00e9gales -","description":"Je vous accompagne pour la conception de votre projet et la v\u00e9rification de sa conformit\u00e9 avec un suivi administratif complet.","robots":{"index":"index","follow":"follow","max-snippet":"max-snippet:-1","max-image-preview":"max-image-preview:large","max-video-preview":"max-video-preview:-1"},"canonical":"https:\/\/toutestpermis22.fr\/index.php\/sample-page\/","og_locale":"fr_FR","og_type":"article","og_title":"Mentions l\u00e9gales -","og_description":"Je vous accompagne pour la conception de votre projet et la v\u00e9rification de sa conformit\u00e9 avec un suivi administratif complet.","og_url":"https:\/\/toutestpermis22.fr\/index.php\/sample-page\/","article_modified_time":"2025-11-19T10:38:42+00:00","og_image":[{"width":1104,"height":621,"url":"https:\/\/toutestpermis22.fr\/wp-content\/uploads\/2025\/11\/Plan-de-travail-3.png","type":"image\/png"}],"twitter_card":"summary_large_image","twitter_misc":{"Dur\u00e9e de lecture estim\u00e9e":"2 minutes"},"schema":{"@context":"https:\/\/schema.org","@graph":[{"@type":"WebPage","@id":"https:\/\/toutestpermis22.fr\/index.php\/sample-page\/","url":"https:\/\/toutestpermis22.fr\/index.php\/sample-page\/","name":"Mentions l\u00e9gales -","isPartOf":{"@id":"https:\/\/toutestpermis22.fr\/#website"},"datePublished":"2025-11-13T11:29:43+00:00","dateModified":"2025-11-19T10:38:42+00:00","description":"Je vous accompagne pour la conception de votre projet et la v\u00e9rification de sa conformit\u00e9 avec un suivi administratif complet.","breadcrumb":{"@id":"https:\/\/toutestpermis22.fr\/index.php\/sample-page\/#breadcrumb"},"inLanguage":"fr-FR","potentialAction":[{"@type":"ReadAction","target":["https:\/\/toutestpermis22.fr\/index.php\/sample-page\/"]}]},{"@type":"BreadcrumbList","@id":"https:\/\/toutestpermis22.fr\/index.php\/sample-page\/#breadcrumb","itemListElement":[{"@type":"ListItem","position":1,"name":"Accueil","item":"https:\/\/toutestpermis22.fr\/"},{"@type":"ListItem","position":2,"name":"Mentions l\u00e9gales"}]},{"@type":"WebSite","@id":"https:\/\/toutestpermis22.fr\/#website","url":"https:\/\/toutestpermis22.fr\/","name":"toutestpermis22","description":"Plans et d\u00e9marches administratives pour extensions, terrasses, v\u00e9randas et am\u00e9nagements ext\u00e9rieurs. Je vous accompagne de la conception \u00e0 la r\u00e9alisation, avec des plans conformes et un suivi administratif complet.","publisher":{"@id":"https:\/\/toutestpermis22.fr\/#organization"},"potentialAction":[{"@type":"SearchAction","target":{"@type":"EntryPoint","urlTemplate":"https:\/\/toutestpermis22.fr\/?s={search_term_string}"},"query-input":{"@type":"PropertyValueSpecification","valueRequired":true,"valueName":"search_term_string"}}],"inLanguage":"fr-FR"},{"@type":"Organization","@id":"https:\/\/toutestpermis22.fr\/#organization","name":"TOUT EST PERMIS","url":"https:\/\/toutestpermis22.fr\/","logo":{"@type":"ImageObject","inLanguage":"fr-FR","@id":"https:\/\/toutestpermis22.fr\/#\/schema\/logo\/image\/","url":"https:\/\/toutestpermis22.fr\/wp-content\/uploads\/2025\/11\/cropped-logo-couleur-web-1-2.png","contentUrl":"https:\/\/toutestpermis22.fr\/wp-content\/uploads\/2025\/11\/cropped-logo-couleur-web-1-2.png","width":512,"height":512,"caption":"TOUT EST PERMIS"},"image":{"@id":"https:\/\/toutestpermis22.fr\/#\/schema\/logo\/image\/"}}]}},"_links":{"self":[{"href":"https:\/\/toutestpermis22.fr\/index.php\/wp-json\/wp\/v2\/pages\/2","targetHints":{"allow":["GET"]}}],"collection":[{"href":"https:\/\/toutestpermis22.fr\/index.php\/wp-json\/wp\/v2\/pages"}],"about":[{"href":"https:\/\/toutestpermis22.fr\/index.php\/wp-json\/wp\/v2\/types\/page"}],"author":[{"embeddable":true,"href":"https:\/\/toutestpermis22.fr\/index.php\/wp-json\/wp\/v2\/users\/1"}],"replies":[{"embeddable":true,"href":"https:\/\/toutestpermis22.fr\/index.php\/wp-json\/wp\/v2\/comments?post=2"}],"version-history":[{"count":3,"href":"https:\/\/toutestpermis22.fr\/index.php\/wp-json\/wp\/v2\/pages\/2\/revisions"}],"predecessor-version":[{"id":93,"href":"https:\/\/toutestpermis22.fr\/index.php\/wp-json\/wp\/v2\/pages\/2\/revisions\/93"}],"wp:attachment":[{"href":"https:\/\/toutestpermis22.fr\/index.php\/wp-json\/wp\/v2\/media?parent=2"}],"curies":[{"name":"wp","href":"https:\/\/api.w.org\/{rel}","templated":true}]}}